{"id":2531,"date":"2024-09-19T13:05:20","date_gmt":"2024-09-19T13:05:20","guid":{"rendered":"https:\/\/weinmann.gmbh\/?page_id=2531"},"modified":"2025-01-16T10:59:45","modified_gmt":"2025-01-16T10:59:45","slug":"impressum","status":"publish","type":"page","link":"https:\/\/weinmann.gmbh\/index.php\/impressum\/","title":{"rendered":"Impressum"},"content":{"rendered":"\t\t<div data-elementor-type=\"wp-page\" data-elementor-id=\"2531\" class=\"elementor elementor-2531\" data-elementor-post-type=\"page\">\n\t\t\t\t<div class=\"elementor-element elementor-element-aaf1593 e-flex e-con-boxed e-con e-parent\" data-id=\"aaf1593\" data-element_type=\"container\" data-e-type=\"container\">\n\t\t\t\t\t<div class=\"e-con-inner\">\n\t\t\t\t\t<\/div>\n\t\t\t\t<\/div>\n\t\t<div class=\"elementor-element elementor-element-2a9ff90 e-flex e-con-boxed e-con e-parent\" data-id=\"2a9ff90\" data-element_type=\"container\" data-e-type=\"container\">\n\t\t\t\t\t<div class=\"e-con-inner\">\n\t\t\t\t<div class=\"elementor-element elementor-element-bca651b elementor-widget elementor-widget-heading\" data-id=\"bca651b\" data-element_type=\"widget\" data-e-type=\"widget\" data-widget_type=\"heading.default\">\n\t\t\t\t<div class=\"elementor-widget-container\">\n\t\t\t\t\t<h1 class=\"elementor-heading-title elementor-size-default\">Impressum<\/h1>\t\t\t\t<\/div>\n\t\t\t\t<\/div>\n\t\t\t\t\t<\/div>\n\t\t\t\t<\/div>\n\t\t<div class=\"elementor-element elementor-element-405a9c9 e-flex e-con-boxed e-con e-parent\" data-id=\"405a9c9\" data-element_type=\"container\" data-e-type=\"container\">\n\t\t\t\t\t<div class=\"e-con-inner\">\n\t\t\t\t<div class=\"elementor-element elementor-element-72224e3 elementor-widget elementor-widget-text-editor\" data-id=\"72224e3\" data-element_type=\"widget\" data-e-type=\"widget\" data-widget_type=\"text-editor.default\">\n\t\t\t\t<div class=\"elementor-widget-container\">\n\t\t\t\t\t\t\t\t\t<p>Weinmann GmbH<br \/>Frankenstra\u00dfe 1 &#8211; 4<br \/>63776 M\u00f6mbris<\/p>\t\t\t\t\t\t\t\t<\/div>\n\t\t\t\t<\/div>\n\t\t\t\t<div class=\"elementor-element elementor-element-2f3a56a elementor-widget elementor-widget-heading\" data-id=\"2f3a56a\" data-element_type=\"widget\" data-e-type=\"widget\" data-widget_type=\"heading.default\">\n\t\t\t\t<div class=\"elementor-widget-container\">\n\t\t\t\t\t<h2 class=\"elementor-heading-title elementor-size-default\">Vertreten durch:<\/h2>\t\t\t\t<\/div>\n\t\t\t\t<\/div>\n\t\t\t\t<div class=\"elementor-element elementor-element-b1fb4dc elementor-widget elementor-widget-text-editor\" data-id=\"b1fb4dc\" data-element_type=\"widget\" data-e-type=\"widget\" data-widget_type=\"text-editor.default\">\n\t\t\t\t<div class=\"elementor-widget-container\">\n\t\t\t\t\t\t\t\t\t<p>Gesch\u00e4ftsf\u00fchrer Ralf Weinmann und Jochen Weinmann<\/p>\t\t\t\t\t\t\t\t<\/div>\n\t\t\t\t<\/div>\n\t\t\t\t<div class=\"elementor-element elementor-element-923d5c5 elementor-widget elementor-widget-heading\" data-id=\"923d5c5\" data-element_type=\"widget\" data-e-type=\"widget\" data-widget_type=\"heading.default\">\n\t\t\t\t<div class=\"elementor-widget-container\">\n\t\t\t\t\t<h2 class=\"elementor-heading-title elementor-size-default\">Kontakt:<\/h2>\t\t\t\t<\/div>\n\t\t\t\t<\/div>\n\t\t\t\t<div class=\"elementor-element elementor-element-f160344 elementor-widget elementor-widget-text-editor\" data-id=\"f160344\" data-element_type=\"widget\" data-e-type=\"widget\" data-widget_type=\"text-editor.default\">\n\t\t\t\t<div class=\"elementor-widget-container\">\n\t\t\t\t\t\t\t\t\t<p>Telefon: +49 (0)6029 \/ 95797 &#8211; 0<br>E-Mail: tp@weinmann.gmbh<\/p>\t\t\t\t\t\t\t\t<\/div>\n\t\t\t\t<\/div>\n\t\t\t\t<div class=\"elementor-element elementor-element-4f0148a elementor-widget elementor-widget-heading\" data-id=\"4f0148a\" data-element_type=\"widget\" data-e-type=\"widget\" data-widget_type=\"heading.default\">\n\t\t\t\t<div class=\"elementor-widget-container\">\n\t\t\t\t\t<h2 class=\"elementor-heading-title elementor-size-default\">Registereintrag:<\/h2>\t\t\t\t<\/div>\n\t\t\t\t<\/div>\n\t\t\t\t<div class=\"elementor-element elementor-element-5da4d3b elementor-widget elementor-widget-text-editor\" data-id=\"5da4d3b\" data-element_type=\"widget\" data-e-type=\"widget\" data-widget_type=\"text-editor.default\">\n\t\t\t\t<div class=\"elementor-widget-container\">\n\t\t\t\t\t\t\t\t\t<p>Eintragung im Handelsregister:<br \/>Registergericht: Aschaffenburg<br \/>Registernummer: 8649<\/p><p>Umsatzsteuer-Identifikationsnummer gem\u00e4\u00df \u00a727 a Umsatzsteuergesetz: DE228141545<\/p>\t\t\t\t\t\t\t\t<\/div>\n\t\t\t\t<\/div>\n\t\t\t\t<div class=\"elementor-element elementor-element-ad01d37 elementor-widget elementor-widget-heading\" data-id=\"ad01d37\" data-element_type=\"widget\" data-e-type=\"widget\" data-widget_type=\"heading.default\">\n\t\t\t\t<div class=\"elementor-widget-container\">\n\t\t\t\t\t<h2 class=\"elementor-heading-title elementor-size-default\">WEEE-Registrierungsnummer:<\/h2>\t\t\t\t<\/div>\n\t\t\t\t<\/div>\n\t\t\t\t<div class=\"elementor-element elementor-element-3deffd7 elementor-widget elementor-widget-text-editor\" data-id=\"3deffd7\" data-element_type=\"widget\" data-e-type=\"widget\" data-widget_type=\"text-editor.default\">\n\t\t\t\t<div class=\"elementor-widget-container\">\n\t\t\t\t\t\t\t\t\t<p>WEEE-Registrierungsnummer:\u00a0 DE 78896620<\/p><p><strong>Informationspflichten gem\u00e4\u00df \u00a718 Abs. 4 Satz 3 ElektroG:<\/strong><br \/><a href=\"https:\/\/www.bmuv.de\/themen\/kreislaufwirtschaft\/statistiken\/elektro-und-elektronikgeraete\" target=\"_blank\" rel=\"noopener\">https:\/\/www.bmuv.de\/themen\/kreislaufwirtschaft\/statistiken\/elektro-und-elektronikgeraete<\/a><\/p><p>Plattform der EU-Kommission zur Online-Streitbeilegung:\u00a0<a href=\"https:\/\/ec.europa.eu\/odr\" target=\"_blank\" rel=\"noopener\">https:\/\/ec.europa.eu\/odr<\/a><\/p>\t\t\t\t\t\t\t\t<\/div>\n\t\t\t\t<\/div>\n\t\t\t\t<div class=\"elementor-element elementor-element-b76feaf elementor-widget elementor-widget-heading\" data-id=\"b76feaf\" data-element_type=\"widget\" data-e-type=\"widget\" data-widget_type=\"heading.default\">\n\t\t\t\t<div class=\"elementor-widget-container\">\n\t\t\t\t\t<h2 class=\"elementor-heading-title elementor-size-default\">Verantwortlich f\u00fcr den Inhalt nach \u00a7 55 Abs. 2 RStV:<\/h2>\t\t\t\t<\/div>\n\t\t\t\t<\/div>\n\t\t\t\t<div class=\"elementor-element elementor-element-f73ed6e elementor-widget elementor-widget-text-editor\" data-id=\"f73ed6e\" data-element_type=\"widget\" data-e-type=\"widget\" data-widget_type=\"text-editor.default\">\n\t\t\t\t<div class=\"elementor-widget-container\">\n\t\t\t\t\t\t\t\t\t<p>Gesch\u00e4ftsf\u00fchrer Jochen Weinmann<\/p>\t\t\t\t\t\t\t\t<\/div>\n\t\t\t\t<\/div>\n\t\t\t\t<div class=\"elementor-element elementor-element-41b0581 elementor-widget elementor-widget-heading\" data-id=\"41b0581\" data-element_type=\"widget\" data-e-type=\"widget\" data-widget_type=\"heading.default\">\n\t\t\t\t<div class=\"elementor-widget-container\">\n\t\t\t\t\t<h2 class=\"elementor-heading-title elementor-size-default\">Haftung f\u00fcr Inhalte:<\/h2>\t\t\t\t<\/div>\n\t\t\t\t<\/div>\n\t\t\t\t<div class=\"elementor-element elementor-element-d82a8d0 elementor-widget elementor-widget-text-editor\" data-id=\"d82a8d0\" data-element_type=\"widget\" data-e-type=\"widget\" data-widget_type=\"text-editor.default\">\n\t\t\t\t<div class=\"elementor-widget-container\">\n\t\t\t\t\t\t\t\t\t<p>Als Diensteanbieter sind wir gem\u00e4\u00df \u00a7 7 Abs.1 DDG f\u00fcr eigene Inhalte auf diesen Seiten nach den allgemeinen Gesetzen verantwortlich. Nach \u00a7\u00a7 8 bis 10 DDG sind wir als Diensteanbieter jedoch nicht verpflichtet, \u00fcbermittelte oder gespeicherte fremde Informationen zu \u00fcberwachen oder nach Umst\u00e4nden zu forschen, die auf eine rechtswidrige T\u00e4tigkeit hinweisen.<\/p><p>Verpflichtungen zur Entfernung oder Sperrung der Nutzung von Informationen nach den allgemeinen Gesetzen bleiben hiervon unber\u00fchrt. Eine diesbez\u00fcgliche Haftung ist jedoch erst ab dem Zeitpunkt der Kenntnis einer konkreten Rechtsverletzung m\u00f6glich. Bei Bekanntwerden von entsprechenden Rechtsverletzungen werden wir diese Inhalte umgehend entfernen.<\/p>\t\t\t\t\t\t\t\t<\/div>\n\t\t\t\t<\/div>\n\t\t\t\t<div class=\"elementor-element elementor-element-f3cbb54 elementor-widget elementor-widget-heading\" data-id=\"f3cbb54\" data-element_type=\"widget\" data-e-type=\"widget\" data-widget_type=\"heading.default\">\n\t\t\t\t<div class=\"elementor-widget-container\">\n\t\t\t\t\t<h2 class=\"elementor-heading-title elementor-size-default\">Haftung f\u00fcr Links:<\/h2>\t\t\t\t<\/div>\n\t\t\t\t<\/div>\n\t\t\t\t<div class=\"elementor-element elementor-element-df1f3a3 elementor-widget elementor-widget-text-editor\" data-id=\"df1f3a3\" data-element_type=\"widget\" data-e-type=\"widget\" data-widget_type=\"text-editor.default\">\n\t\t\t\t<div class=\"elementor-widget-container\">\n\t\t\t\t\t\t\t\t\t<p>Unser Angebot enth\u00e4lt Links zu externen Webseiten Dritter, auf deren Inhalte wir keinen Einfluss haben. Deshalb k\u00f6nnen wir f\u00fcr diese fremden Inhalte auch keine Gew\u00e4hr \u00fcbernehmen. F\u00fcr die Inhalte der verlinkten Seiten ist stets der jeweilige Anbieter oder Betreiber der Seiten verantwortlich. Die verlinkten Seiten wurden zum Zeitpunkt der Verlinkung auf m\u00f6gliche Rechtsverst\u00f6\u00dfe \u00fcberpr\u00fcft. Rechtswidrige Inhalte waren zum Zeitpunkt der Verlinkung nicht erkennbar.<\/p><p>Eine permanente inhaltliche Kontrolle der verlinkten Seiten ist jedoch ohne konkrete Anhaltspunkte einer Rechtsverletzung nicht zumutbar. Bei Bekanntwerden von Rechtsverletzungen werden wir derartige Links umgehend entfernen.<\/p>\t\t\t\t\t\t\t\t<\/div>\n\t\t\t\t<\/div>\n\t\t\t\t<div class=\"elementor-element elementor-element-ecda7cc elementor-widget elementor-widget-heading\" data-id=\"ecda7cc\" data-element_type=\"widget\" data-e-type=\"widget\" data-widget_type=\"heading.default\">\n\t\t\t\t<div class=\"elementor-widget-container\">\n\t\t\t\t\t<h2 class=\"elementor-heading-title elementor-size-default\">Urheberrecht:<\/h2>\t\t\t\t<\/div>\n\t\t\t\t<\/div>\n\t\t\t\t<div class=\"elementor-element elementor-element-2b9f13a elementor-widget elementor-widget-text-editor\" data-id=\"2b9f13a\" data-element_type=\"widget\" data-e-type=\"widget\" data-widget_type=\"text-editor.default\">\n\t\t\t\t<div class=\"elementor-widget-container\">\n\t\t\t\t\t\t\t\t\t<p>Die durch die Seitenbetreiber erstellten Inhalte und Werke auf diesen Seiten unterliegen dem deutschen Urheberrecht. Die Vervielf\u00e4ltigung, Bearbeitung, Verbreitung und jede Art der Verwertung au\u00dferhalb der Grenzen des Urheberrechtes bed\u00fcrfen der schriftlichen Zustimmung des jeweiligen Autors bzw. Erstellers. Downloads und Kopien dieser Seite sind nur f\u00fcr den privaten, nicht kommerziellen Gebrauch gestattet.<\/p><p>Soweit die Inhalte auf dieser Seite nicht vom Betreiber erstellt wurden, werden die Urheberrechte Dritter beachtet. Insbesondere werden Inhalte Dritter als solche gekennzeichnet. Sollten Sie trotzdem auf eine Urheberrechtsverletzung aufmerksam werden, bitten wir um einen entsprechenden Hinweis. Bei Bekanntwerden von Rechtsverletzungen werden wir derartige Inhalte umgehend entfernen.<\/p>\t\t\t\t\t\t\t\t<\/div>\n\t\t\t\t<\/div>\n\t\t\t\t<div class=\"elementor-element elementor-element-fc9c8c6 elementor-widget elementor-widget-text-editor\" data-id=\"fc9c8c6\" data-element_type=\"widget\" data-e-type=\"widget\" data-widget_type=\"text-editor.default\">\n\t\t\t\t<div class=\"elementor-widget-container\">\n\t\t\t\t\t\t\t\t\t<p><strong>Bildnachweise:<\/strong><\/p><p><a class=\"photographer sxkUu5bV97Bq1nizhTta\" href=\"https:\/\/www.istockphoto.com\/de\/foto\/asiatische-reise-bikini-frau-entspannen-in-infinity-pool-auf-phuket-strand-thailand-gm1287163572-383444661\" data-testid=\"photographer\"><span class=\"Skavx60ZymqpxWaVTy50\">iStock.com\/Peera_Sathawirawong<\/span><\/a><\/p><p><a href=\"https:\/\/www.istockphoto.com\/de\/foto\/junge-m%C3%A4nner-und-frauen-beobachten-den-sonnenuntergang-mit-spiegelung-im-infinity-gm1476996840-505802712\">iStock.com\/fokkebok<\/a><\/p><p><a href=\"https:\/\/www.istockphoto.com\/de\/foto\/villa-mit-pool-gm2160280836-580823337\">iStock.com\/Evrymmnt<\/a><\/p><p><a href=\"https:\/\/www.istockphoto.com\/de\/foto\/frau-im-bademantel-ber%C3%BChrt-klares-blaues-wasser-w%C3%A4hrend-sie-bei-sonnenuntergang-neben-gm2151580415-572667982\">iStock.com\/<span class=\"Skavx60ZymqpxWaVTy50\">brizmaker<\/span><\/a><\/p><p><a href=\"https:\/\/www.istockphoto.com\/de\/foto\/junge-frau-im-outdoor-whirlpool-gm1256126272-367688142?clarity=false\">iStock.com\/Anna Frank<\/a><\/p><p><a href=\"https:\/\/www.istockphoto.com\/de\/foto\/haus-mit-sonnenliegen-auf-der-terrassam-pool-bei-d%C3%A4mmerung-gm466836078-60731482?clarity=false\">iStock.com\/<span class=\"Skavx60ZymqpxWaVTy50\">IPGGutenbergUKLtd<\/span><\/a><\/p><p><a href=\"https:\/\/www.istockphoto.com\/de\/foto\/top-ansicht-von-freunden-klinken-gl%C3%A4ser-mit-frischen-bunten-cocktails-sitzen-am-pool-gm1317765248-405099674\">iStock.com\/<span class=\"Skavx60ZymqpxWaVTy50\">artiemedvedev<\/span><\/a><\/p><p><a href=\"https:\/\/www.istockphoto.com\/de\/foto\/schwimmbad-sonnenliege-mit-handtuch-und-sonnenbrille-gm481911624-69870123?clarity=false\">iStock.com\/<span class=\"Skavx60ZymqpxWaVTy50\">Tuned_In<\/span><\/a><\/p><p><a href=\"https:\/\/www.istockphoto.com\/de\/foto\/sch%C3%B6ne-frau-schwimmt-im-wasser-eines-seeflusses-schwimmunterricht-gm1758616101-544618064\">iStock.com\/<span class=\"Skavx60ZymqpxWaVTy50\">SaevichMikalai<\/span><\/a><\/p><p><a href=\"https:\/\/www.istockphoto.com\/de\/foto\/laptop-mit-leerem-bildschirm-kaffeetasse-strohhut-auf-tisch-auf-poolhintergrund-im-gm2117616088-567330600?clarity=false\">iStock.com\/<span class=\"Skavx60ZymqpxWaVTy50\">Elkhophoto<\/span><\/a><\/p><p><a href=\"https:\/\/www.istockphoto.com\/de\/foto\/junge-kaukasische-frau-im-schwimmbad-auf-sch%C3%B6ne-tropische-bucht-blauer-himmel-und-gm1320244412-406870227?clarity=false\">iStock.com\/<span class=\"Skavx60ZymqpxWaVTy50\">nikkimeel<\/span><\/a><\/p><p><a href=\"https:\/\/www.istockphoto.com\/de\/foto\/verwendung-von-chlortabs-in-einem-whirlpool-spa-gm1405808702-457585595\">iStock.com\/<span class=\"Skavx60ZymqpxWaVTy50\">welcomia<\/span><\/a><\/p><p><a href=\"https:\/\/www.istockphoto.com\/de\/foto\/swimmingpool-im-hinterhof-eines-au%C3%9Fergew%C3%B6hnlichen-luxushauses-gm1700606833-538665117\">iStock.com\/<span class=\"Skavx60ZymqpxWaVTy50\">hikesterson<\/span><\/a><\/p><p><a href=\"https:\/\/www.istockphoto.com\/de\/foto\/swimmingpool-pool-gm178842112-25520668\">iStock.com\/<span class=\"Skavx60ZymqpxWaVTy50\">fotozambra<\/span><\/a><\/p><p><a href=\"https:\/\/www.istockphoto.com\/de\/foto\/mann-mit-splash-blauem-wasser-unter-dark-gm524430869-51596192\">iStock.com\/<span class=\"Skavx60ZymqpxWaVTy50\">SerrNovik<\/span><\/a><\/p><p><a href=\"https:\/\/www.istockphoto.com\/de\/foto\/wartung-der-w%C3%A4rmepumpe-im-freibad-gm1438137420-478729857?clarity=false\">iStock.com\/welcomia<\/a><\/p><p><a href=\"https:\/\/www.istockphoto.com\/de\/foto\/scanner-scannen-der-barcodes-auf-produkten-im-lager-lagerverwalter-mit-lagerscansystem-gm1902088622-554323681\">iStock.com\/Halfpoint<\/a><\/p><p><a href=\"https:\/\/www.istockphoto.com\/de\/foto\/mittelteil-des-gesch%C3%A4ftsmannes-der-laptop-benutzt-w%C3%A4hrend-er-im-b%C3%BCro-ein-gm1050537316-91050537316\">iStock.com\/<span class=\"Skavx60ZymqpxWaVTy50\">microgen<\/span><\/a><\/p><p><a href=\"https:\/\/www.istockphoto.com\/de\/foto\/h%C3%A4nde-asiatischer-gesch%C3%A4ftsleute-die-h%C3%A4nde-sch%C3%BCtteln-gm1308540108-398490744\">iStock.com\/<span class=\"Skavx60ZymqpxWaVTy50\">kazuma seki<\/span><\/a><\/p><p><a href=\"https:\/\/www.istockphoto.com\/de\/foto\/investoren-die-am-schreibtisch-arbeiten-und-daten-kosten-saldo-gewinn-und-w%C3%A4hrung-auf-gm1431694821-474212541\">iStock.com\/<span class=\"Skavx60ZymqpxWaVTy50\">Charnchai<\/span><\/a><\/p><p><a href=\"https:\/\/www.istockphoto.com\/de\/foto\/asiatische-gesch%C3%A4ftsleute-bei-einem-meeting-in-einem-konferenzraum-gm1460980598-495046950\">iStock.com\/<span class=\"Skavx60ZymqpxWaVTy50\">mapo<\/span><\/a><\/p><p><a href=\"https:\/\/www.istockphoto.com\/de\/foto\/smart-warehouse-konzept-des-warenwirtschaftssystems-gm1484852942-510975814\">iStock.com\/<span class=\"Skavx60ZymqpxWaVTy50\">B4LLS<\/span><\/a><\/p><p><a href=\"https:\/\/www.istockphoto.com\/de\/foto\/grafikdesigner-beim-brainstorming-von-logo-und-grafik-in-der-werkstatt-untersuchen-gm1487386542-512886884\">iStock.com\/<span class=\"Skavx60ZymqpxWaVTy50\">Ralf Hahn<\/span><\/a><\/p><p><a href=\"https:\/\/www.istockphoto.com\/de\/foto\/gesch%C3%A4ftsfrau-h%C3%A4nde-arbeiten-in-stapeln-von-papierakten-zum-suchen-und-%C3%BCberpr%C3%BCfen-von-gm1516764849-524309643\">iStock.com\/<span class=\"Skavx60ZymqpxWaVTy50\">nathaphat<\/span><\/a><\/p><p><a href=\"https:\/\/www.istockphoto.com\/de\/foto\/team-gesch%C3%A4ftsleute-oder-ein-buchhalterteam-analysieren-datendiagramme-grafiken-und-gm1705145695-539131198\">iStock.com\/<span class=\"Skavx60ZymqpxWaVTy50\">David Gyung<\/span><\/a><\/p>\t\t\t\t\t\t\t\t<\/div>\n\t\t\t\t<\/div>\n\t\t\t\t\t<\/div>\n\t\t\t\t<\/div>\n\t\t\t\t<\/div>\n\t\t","protected":false},"excerpt":{"rendered":"<p>Impressum Weinmann GmbHFrankenstra\u00dfe 1 &#8211; 463776 M\u00f6mbris Vertreten durch: Gesch\u00e4ftsf\u00fchrer Ralf Weinmann und Jochen Weinmann Kontakt: Telefon: +49 (0)6029 \/ [&hellip;]<\/p>\n","protected":false},"author":1,"featured_media":0,"parent":0,"menu_order":0,"comment_status":"closed","ping_status":"closed","template":"","meta":{"site-sidebar-layout":"no-sidebar","site-content-layout":"","ast-site-content-layout":"full-width-container","site-content-style":"default","site-sidebar-style":"default","ast-global-header-display":"","ast-banner-title-visibility":"","ast-main-header-display":"","ast-hfb-above-header-display":"","ast-hfb-below-header-display":"","ast-hfb-mobile-header-display":"","site-post-title":"disabled","ast-breadcrumbs-content":"","ast-featured-img":"disabled","footer-sml-layout":"","ast-disable-related-posts":"","theme-transparent-header-meta":"","adv-header-id-meta":"","stick-header-meta":"","header-above-stick-meta":"","header-main-stick-meta":"","header-below-stick-meta":"","astra-migrate-meta-layouts":"default","ast-page-background-enabled":"default","ast-page-background-meta":{"desktop":{"background-color":"var(--ast-global-color-4)","background-image":"","background-repeat":"repeat","background-position":"center center","background-size":"auto","background-attachment":"scroll","background-type":"","background-media":"","overlay-type":"","overlay-color":"","overlay-opacity":"","overlay-gradient":""},"tablet":{"background-color":"","background-image":"","background-repeat":"repeat","background-position":"center center","background-size":"auto","background-attachment":"scroll","background-type":"","background-media":"","overlay-type":"","overlay-color":"","overlay-opacity":"","overlay-gradient":""},"mobile":{"background-color":"","background-image":"","background-repeat":"repeat","background-position":"center center","background-size":"auto","background-attachment":"scroll","background-type":"","background-media":"","overlay-type":"","overlay-color":"","overlay-opacity":"","overlay-gradient":""}},"ast-content-background-meta":{"desktop":{"background-color":"var(--ast-global-color-5)","background-image":"","background-repeat":"repeat","background-position":"center center","background-size":"auto","background-attachment":"scroll","background-type":"","background-media":"","overlay-type":"","overlay-color":"","overlay-opacity":"","overlay-gradient":""},"tablet":{"background-color":"var(--ast-global-color-5)","background-image":"","background-repeat":"repeat","background-position":"center center","background-size":"auto","background-attachment":"scroll","background-type":"","background-media":"","overlay-type":"","overlay-color":"","overlay-opacity":"","overlay-gradient":""},"mobile":{"background-color":"var(--ast-global-color-5)","background-image":"","background-repeat":"repeat","background-position":"center center","background-size":"auto","background-attachment":"scroll","background-type":"","background-media":"","overlay-type":"","overlay-color":"","overlay-opacity":"","overlay-gradient":""}},"footnotes":""},"class_list":["post-2531","page","type-page","status-publish","hentry"],"yoast_head":"<!-- This site is optimized with the Yoast SEO plugin v27.6 - https:\/\/yoast.com\/product\/yoast-seo-wordpress\/ -->\n<title>Impressum - Weinmann GmbH<\/title>\n<meta name=\"robots\" content=\"index, follow, max-snippet:-1, max-image-preview:large, max-video-preview:-1\" \/>\n<link rel=\"canonical\" href=\"https:\/\/weinmann.gmbh\/index.php\/impressum\/\" \/>\n<meta property=\"og:locale\" content=\"de_DE\" \/>\n<meta property=\"og:type\" content=\"article\" \/>\n<meta property=\"og:title\" content=\"Impressum - Weinmann GmbH\" \/>\n<meta property=\"og:description\" content=\"Impressum Weinmann GmbHFrankenstra\u00dfe 1 &#8211; 463776 M\u00f6mbris Vertreten durch: Gesch\u00e4ftsf\u00fchrer Ralf Weinmann und Jochen Weinmann Kontakt: Telefon: +49 (0)6029 \/ [&hellip;]\" \/>\n<meta property=\"og:url\" content=\"https:\/\/weinmann.gmbh\/index.php\/impressum\/\" \/>\n<meta property=\"og:site_name\" content=\"Weinmann GmbH\" \/>\n<meta property=\"article:modified_time\" content=\"2025-01-16T10:59:45+00:00\" \/>\n<meta name=\"twitter:card\" content=\"summary_large_image\" \/>\n<meta name=\"twitter:label1\" content=\"Gesch\u00e4tzte Lesezeit\" \/>\n\t<meta name=\"twitter:data1\" content=\"3\u00a0Minuten\" \/>\n<script type=\"application\/ld+json\" class=\"yoast-schema-graph\">{\"@context\":\"https:\\\/\\\/schema.org\",\"@graph\":[{\"@type\":\"WebPage\",\"@id\":\"https:\\\/\\\/weinmann.gmbh\\\/index.php\\\/impressum\\\/\",\"url\":\"https:\\\/\\\/weinmann.gmbh\\\/index.php\\\/impressum\\\/\",\"name\":\"Impressum - Weinmann GmbH\",\"isPartOf\":{\"@id\":\"https:\\\/\\\/weinmann.gmbh\\\/#website\"},\"datePublished\":\"2024-09-19T13:05:20+00:00\",\"dateModified\":\"2025-01-16T10:59:45+00:00\",\"breadcrumb\":{\"@id\":\"https:\\\/\\\/weinmann.gmbh\\\/index.php\\\/impressum\\\/#breadcrumb\"},\"inLanguage\":\"de\",\"potentialAction\":[{\"@type\":\"ReadAction\",\"target\":[\"https:\\\/\\\/weinmann.gmbh\\\/index.php\\\/impressum\\\/\"]}]},{\"@type\":\"BreadcrumbList\",\"@id\":\"https:\\\/\\\/weinmann.gmbh\\\/index.php\\\/impressum\\\/#breadcrumb\",\"itemListElement\":[{\"@type\":\"ListItem\",\"position\":1,\"name\":\"Startseite\",\"item\":\"https:\\\/\\\/weinmann.gmbh\\\/\"},{\"@type\":\"ListItem\",\"position\":2,\"name\":\"Impressum\"}]},{\"@type\":\"WebSite\",\"@id\":\"https:\\\/\\\/weinmann.gmbh\\\/#website\",\"url\":\"https:\\\/\\\/weinmann.gmbh\\\/\",\"name\":\"Weinmann GmbH\",\"description\":\"\",\"publisher\":{\"@id\":\"https:\\\/\\\/weinmann.gmbh\\\/#organization\"},\"potentialAction\":[{\"@type\":\"SearchAction\",\"target\":{\"@type\":\"EntryPoint\",\"urlTemplate\":\"https:\\\/\\\/weinmann.gmbh\\\/?s={search_term_string}\"},\"query-input\":{\"@type\":\"PropertyValueSpecification\",\"valueRequired\":true,\"valueName\":\"search_term_string\"}}],\"inLanguage\":\"de\"},{\"@type\":\"Organization\",\"@id\":\"https:\\\/\\\/weinmann.gmbh\\\/#organization\",\"name\":\"Weinmann GmbH\",\"url\":\"https:\\\/\\\/weinmann.gmbh\\\/\",\"logo\":{\"@type\":\"ImageObject\",\"inLanguage\":\"de\",\"@id\":\"https:\\\/\\\/weinmann.gmbh\\\/#\\\/schema\\\/logo\\\/image\\\/\",\"url\":\"https:\\\/\\\/weinmann.gmbh\\\/wp-content\\\/uploads\\\/2024\\\/08\\\/Weinmann-Logo-Primaer-Weiss.svg\",\"contentUrl\":\"https:\\\/\\\/weinmann.gmbh\\\/wp-content\\\/uploads\\\/2024\\\/08\\\/Weinmann-Logo-Primaer-Weiss.svg\",\"width\":1000,\"height\":550,\"caption\":\"Weinmann GmbH\"},\"image\":{\"@id\":\"https:\\\/\\\/weinmann.gmbh\\\/#\\\/schema\\\/logo\\\/image\\\/\"}}]}<\/script>\n<!-- \/ Yoast SEO plugin. -->","yoast_head_json":{"title":"Impressum - Weinmann GmbH","robots":{"index":"index","follow":"follow","max-snippet":"max-snippet:-1","max-image-preview":"max-image-preview:large","max-video-preview":"max-video-preview:-1"},"canonical":"https:\/\/weinmann.gmbh\/index.php\/impressum\/","og_locale":"de_DE","og_type":"article","og_title":"Impressum - Weinmann GmbH","og_description":"Impressum Weinmann GmbHFrankenstra\u00dfe 1 &#8211; 463776 M\u00f6mbris Vertreten durch: Gesch\u00e4ftsf\u00fchrer Ralf Weinmann und Jochen Weinmann Kontakt: Telefon: +49 (0)6029 \/ [&hellip;]","og_url":"https:\/\/weinmann.gmbh\/index.php\/impressum\/","og_site_name":"Weinmann GmbH","article_modified_time":"2025-01-16T10:59:45+00:00","twitter_card":"summary_large_image","twitter_misc":{"Gesch\u00e4tzte Lesezeit":"3\u00a0Minuten"},"schema":{"@context":"https:\/\/schema.org","@graph":[{"@type":"WebPage","@id":"https:\/\/weinmann.gmbh\/index.php\/impressum\/","url":"https:\/\/weinmann.gmbh\/index.php\/impressum\/","name":"Impressum - Weinmann GmbH","isPartOf":{"@id":"https:\/\/weinmann.gmbh\/#website"},"datePublished":"2024-09-19T13:05:20+00:00","dateModified":"2025-01-16T10:59:45+00:00","breadcrumb":{"@id":"https:\/\/weinmann.gmbh\/index.php\/impressum\/#breadcrumb"},"inLanguage":"de","potentialAction":[{"@type":"ReadAction","target":["https:\/\/weinmann.gmbh\/index.php\/impressum\/"]}]},{"@type":"BreadcrumbList","@id":"https:\/\/weinmann.gmbh\/index.php\/impressum\/#breadcrumb","itemListElement":[{"@type":"ListItem","position":1,"name":"Startseite","item":"https:\/\/weinmann.gmbh\/"},{"@type":"ListItem","position":2,"name":"Impressum"}]},{"@type":"WebSite","@id":"https:\/\/weinmann.gmbh\/#website","url":"https:\/\/weinmann.gmbh\/","name":"Weinmann GmbH","description":"","publisher":{"@id":"https:\/\/weinmann.gmbh\/#organization"},"potentialAction":[{"@type":"SearchAction","target":{"@type":"EntryPoint","urlTemplate":"https:\/\/weinmann.gmbh\/?s={search_term_string}"},"query-input":{"@type":"PropertyValueSpecification","valueRequired":true,"valueName":"search_term_string"}}],"inLanguage":"de"},{"@type":"Organization","@id":"https:\/\/weinmann.gmbh\/#organization","name":"Weinmann GmbH","url":"https:\/\/weinmann.gmbh\/","logo":{"@type":"ImageObject","inLanguage":"de","@id":"https:\/\/weinmann.gmbh\/#\/schema\/logo\/image\/","url":"https:\/\/weinmann.gmbh\/wp-content\/uploads\/2024\/08\/Weinmann-Logo-Primaer-Weiss.svg","contentUrl":"https:\/\/weinmann.gmbh\/wp-content\/uploads\/2024\/08\/Weinmann-Logo-Primaer-Weiss.svg","width":1000,"height":550,"caption":"Weinmann GmbH"},"image":{"@id":"https:\/\/weinmann.gmbh\/#\/schema\/logo\/image\/"}}]}},"_links":{"self":[{"href":"https:\/\/weinmann.gmbh\/index.php\/wp-json\/wp\/v2\/pages\/2531","targetHints":{"allow":["GET"]}}],"collection":[{"href":"https:\/\/weinmann.gmbh\/index.php\/wp-json\/wp\/v2\/pages"}],"about":[{"href":"https:\/\/weinmann.gmbh\/index.php\/wp-json\/wp\/v2\/types\/page"}],"author":[{"embeddable":true,"href":"https:\/\/weinmann.gmbh\/index.php\/wp-json\/wp\/v2\/users\/1"}],"replies":[{"embeddable":true,"href":"https:\/\/weinmann.gmbh\/index.php\/wp-json\/wp\/v2\/comments?post=2531"}],"version-history":[{"count":103,"href":"https:\/\/weinmann.gmbh\/index.php\/wp-json\/wp\/v2\/pages\/2531\/revisions"}],"predecessor-version":[{"id":3863,"href":"https:\/\/weinmann.gmbh\/index.php\/wp-json\/wp\/v2\/pages\/2531\/revisions\/3863"}],"wp:attachment":[{"href":"https:\/\/weinmann.gmbh\/index.php\/wp-json\/wp\/v2\/media?parent=2531"}],"curies":[{"name":"wp","href":"https:\/\/api.w.org\/{rel}","templated":true}]}}